{"id":227,"date":"2016-01-18T21:11:41","date_gmt":"2016-01-18T20:11:41","guid":{"rendered":"https:\/\/www.vs-tradeinvest.de\/?page_id=227"},"modified":"2018-07-03T22:02:14","modified_gmt":"2018-07-03T20:02:14","slug":"kontakt","status":"publish","type":"page","link":"https:\/\/www.vs-tradeinvest.de\/en\/kontakt\/","title":{"rendered":"Kontakt"},"content":{"rendered":"<p>[et_pb_section admin_label=&#8221;section&#8221; fullwidth=&#8221;on&#8221; specialty=&#8221;off&#8221;][et_pb_fullwidth_map admin_label=&#8221;Fullwidth Map&#8221; zoom_level=&#8221;9&#8243; address_lat=&#8221;51.544915373550516&#8243; address_lng=&#8221;9.942067690673866&#8243; address=&#8221;G\u00f6ttingen, Deutschland&#8221; mouse_wheel=&#8221;off&#8221;] [et_pb_map_pin pin_address=&#8221;Am Heiligenh\u00e4uschen 1A, 37077 G\u00f6ttingen, Deutschland&#8221; pin_address_lat=&#8221;51.56125000000001&#8243; pin_address_lng=&#8221;9.97819000000004&#8243; title=&#8221;VS Trade &amp; Invest GmbH&#8221;]<\/p>\n<p>Am Heiligenh\u00e4uschen 1a<br \/>\n37077 G\u00f6ttingen<\/p>\n<p>[\/et_pb_map_pin] [\/et_pb_fullwidth_map][\/et_pb_section][et_pb_section admin_label=&#8221;section&#8221; fullwidth=&#8221;off&#8221;][et_pb_row admin_label=&#8221;row&#8221; make_fullwidth=&#8221;off&#8221; use_custom_width=&#8221;off&#8221; width_unit=&#8221;on&#8221; use_custom_gutter=&#8221;off&#8221; gutter_width=&#8221;3&#8243; padding_mobile=&#8221;off&#8221; allow_player_pause=&#8221;off&#8221; parallax=&#8221;off&#8221; parallax_method=&#8221;off&#8221; make_equal=&#8221;off&#8221; parallax_1=&#8221;off&#8221; parallax_method_1=&#8221;off&#8221; parallax_2=&#8221;off&#8221; parallax_method_2=&#8221;off&#8221; column_padding_mobile=&#8221;on&#8221; custom_css_main_element=&#8221;color:black;&#8221;][et_pb_column type=&#8221;2_3&#8243;][et_pb_contact_form admin_label=&#8221;Contact Form&#8221; captcha=&#8221;off&#8221; title=&#8221;Contact Form&#8221; title_font_size=&#8221;26&#8243; form_field_font_size=&#8221;14&#8243; use_border_color=&#8221;off&#8221; border_color=&#8221;#ffffff&#8221; border_style=&#8221;solid&#8221; custom_button=&#8221;off&#8221; button_text_size=&#8221;20&#8243; button_border_width=&#8221;2&#8243; button_border_radius=&#8221;3&#8243; button_letter_spacing=&#8221;0&#8243; button_use_icon=&#8221;default&#8221; button_icon_placement=&#8221;right&#8221; button_on_hover=&#8221;on&#8221; button_border_radius_hover=&#8221;3&#8243; button_letter_spacing_hover=&#8221;0&#8243; form_field_text_color=&#8221;#000000&#8243; custom_css_main_element=&#8221;color:black;&#8221; module_class=&#8221;kontakt&#8221;]<br \/>\n[\/et_pb_contact_form][\/et_pb_column][et_pb_column type=&#8221;1_3&#8243;][et_pb_text admin_label=&#8221;Text&#8221; background_layout=&#8221;light&#8221; text_orientation=&#8221;left&#8221; text_font_size=&#8221;14&#8243; use_border_color=&#8221;off&#8221; border_color=&#8221;#ffffff&#8221; border_style=&#8221;solid&#8221;]<\/p>\n<p>VS Trade &amp; Invest GmbH<br \/>\nAm Heiligenh\u00e4uschen 1a<br \/>\n37077 G\u00f6ttingen<\/p>\n<p>Phone:\u00a0\u00a0 \u00a0+49 (551) 50429322<br \/>\nFax:\u00a0\u00a0 \u00a0 \u00a0 \u00a0 +49 (551) 50429386<\/p>\n<p>info@vs-tradeinvest.de<\/p>\n<p>[\/et_pb_text][\/et_pb_column][\/et_pb_row][\/et_pb_section]<\/p>","protected":false},"excerpt":{"rendered":"<p>[et_pb_section admin_label=&#8221;section&#8221; fullwidth=&#8221;on&#8221; specialty=&#8221;off&#8221;][et_pb_fullwidth_map admin_label=&#8221;Fullwidth Map&#8221; zoom_level=&#8221;9&#8243; address_lat=&#8221;51.544915373550516&#8243; address_lng=&#8221;9.942067690673866&#8243; address=&#8221;G\u00f6ttingen, Deutschland&#8221; mouse_wheel=&#8221;off&#8221;] [et_pb_map_pin pin_address=&#8221;Am Heiligenh\u00e4uschen 1A, 37077 G\u00f6ttingen, Deutschland&#8221; pin_address_lat=&#8221;51.56125000000001&#8243; pin_address_lng=&#8221;9.97819000000004&#8243; title=&#8221;VS Trade &amp; Invest GmbH&#8221;] Am Heiligenh\u00e4uschen 1a 37077 G\u00f6ttingen [\/et_pb_map_pin] [\/et_pb_fullwidth_map][\/et_pb_section][et_pb_section admin_label=&#8221;section&#8221; fullwidth=&#8221;off&#8221;][et_pb_row admin_label=&#8221;row&#8221; make_fullwidth=&#8221;off&#8221; use_custom_width=&#8221;off&#8221; width_unit=&#8221;on&#8221; use_custom_gutter=&#8221;off&#8221; gutter_width=&#8221;3&#8243; padding_mobile=&#8221;off&#8221; allow_player_pause=&#8221;off&#8221; parallax=&#8221;off&#8221; parallax_method=&#8221;off&#8221; make_equal=&#8221;off&#8221; parallax_1=&#8221;off&#8221; parallax_method_1=&#8221;off&#8221; parallax_2=&#8221;off&#8221; parallax_method_2=&#8221;off&#8221; column_padding_mobile=&#8221;on&#8221; custom_css_main_element=&#8221;color:black;&#8221;][et_pb_column type=&#8221;2_3&#8243;][et_pb_contact_form admin_label=&#8221;Contact Form&#8221; [&hellip;]<\/p>\n","protected":false},"author":3,"featured_media":0,"parent":0,"menu_order":0,"comment_status":"closed","ping_status":"closed","template":"","meta":[],"yoast_head":"<!-- This site is optimized with the Yoast SEO plugin v20.4 - https:\/\/yoast.com\/wordpress\/plugins\/seo\/ -->\n<title>Kontakt - www.vs-tradeinvest.de<\/title>\n<meta name=\"description\" content=\"VS Trade &amp; Invest GmbH - Am Heiligenh\u00e4uschen 1a - 37077 G\u00f6ttingen\" \/>\n<meta name=\"robots\" content=\"index, follow, max-snippet:-1, max-image-preview:large, max-video-preview:-1\" \/>\n<link rel=\"canonical\" href=\"https:\/\/www.vs-tradeinvest.de\/kontakt\/\" \/>\n<meta property=\"og:locale\" content=\"en_US\" \/>\n<meta property=\"og:type\" content=\"article\" \/>\n<meta property=\"og:title\" content=\"Kontakt - www.vs-tradeinvest.de\" \/>\n<meta property=\"og:description\" content=\"VS Trade &amp; Invest GmbH - Am Heiligenh\u00e4uschen 1a - 37077 G\u00f6ttingen\" \/>\n<meta property=\"og:url\" content=\"https:\/\/www.vs-tradeinvest.de\/kontakt\/\" \/>\n<meta property=\"og:site_name\" content=\"www.vs-tradeinvest.de\" \/>\n<meta property=\"article:modified_time\" content=\"2018-07-03T20:02:14+00:00\" \/>\n<meta name=\"twitter:card\" content=\"summary_large_image\" \/>\n<meta name=\"twitter:label1\" content=\"Est. reading time\" \/>\n\t<meta name=\"twitter:data1\" content=\"2 minutes\" \/>\n<script type=\"application\/ld+json\" class=\"yoast-schema-graph\">{\"@context\":\"https:\/\/schema.org\",\"@graph\":[{\"@type\":\"WebPage\",\"@id\":\"https:\/\/www.vs-tradeinvest.de\/kontakt\/\",\"url\":\"https:\/\/www.vs-tradeinvest.de\/kontakt\/\",\"name\":\"Kontakt - www.vs-tradeinvest.de\",\"isPartOf\":{\"@id\":\"https:\/\/www.vs-tradeinvest.de\/#website\"},\"datePublished\":\"2016-01-18T20:11:41+00:00\",\"dateModified\":\"2018-07-03T20:02:14+00:00\",\"description\":\"VS Trade & Invest GmbH - Am Heiligenh\u00e4uschen 1a - 37077 G\u00f6ttingen\",\"breadcrumb\":{\"@id\":\"https:\/\/www.vs-tradeinvest.de\/kontakt\/#breadcrumb\"},\"inLanguage\":\"en-US\",\"potentialAction\":[{\"@type\":\"ReadAction\",\"target\":[\"https:\/\/www.vs-tradeinvest.de\/kontakt\/\"]}]},{\"@type\":\"BreadcrumbList\",\"@id\":\"https:\/\/www.vs-tradeinvest.de\/kontakt\/#breadcrumb\",\"itemListElement\":[{\"@type\":\"ListItem\",\"position\":1,\"name\":\"Home\",\"item\":\"https:\/\/www.vs-tradeinvest.de\/\"},{\"@type\":\"ListItem\",\"position\":2,\"name\":\"Kontakt\"}]},{\"@type\":\"WebSite\",\"@id\":\"https:\/\/www.vs-tradeinvest.de\/#website\",\"url\":\"https:\/\/www.vs-tradeinvest.de\/\",\"name\":\"www.vs-tradeinvest.de\",\"description\":\"Eine weitere WordPress-Seite\",\"publisher\":{\"@id\":\"https:\/\/www.vs-tradeinvest.de\/#organization\"},\"potentialAction\":[{\"@type\":\"SearchAction\",\"target\":{\"@type\":\"EntryPoint\",\"urlTemplate\":\"https:\/\/www.vs-tradeinvest.de\/?s={search_term_string}\"},\"query-input\":\"required name=search_term_string\"}],\"inLanguage\":\"en-US\"},{\"@type\":\"Organization\",\"@id\":\"https:\/\/www.vs-tradeinvest.de\/#organization\",\"name\":\"VS Trade & Invest GmbH\",\"url\":\"https:\/\/www.vs-tradeinvest.de\/\",\"logo\":{\"@type\":\"ImageObject\",\"inLanguage\":\"en-US\",\"@id\":\"https:\/\/www.vs-tradeinvest.de\/#\/schema\/logo\/image\/\",\"url\":\"https:\/\/www.vs-tradeinvest.de\/wp-content\/uploads\/2016\/01\/logo.png\",\"contentUrl\":\"https:\/\/www.vs-tradeinvest.de\/wp-content\/uploads\/2016\/01\/logo.png\",\"width\":758,\"height\":226,\"caption\":\"VS Trade & Invest GmbH\"},\"image\":{\"@id\":\"https:\/\/www.vs-tradeinvest.de\/#\/schema\/logo\/image\/\"}}]}<\/script>\n<!-- \/ Yoast SEO plugin. -->","yoast_head_json":{"title":"Kontakt - www.vs-tradeinvest.de","description":"VS Trade & Invest GmbH - Am Heiligenh\u00e4uschen 1a - 37077 G\u00f6ttingen","robots":{"index":"index","follow":"follow","max-snippet":"max-snippet:-1","max-image-preview":"max-image-preview:large","max-video-preview":"max-video-preview:-1"},"canonical":"https:\/\/www.vs-tradeinvest.de\/kontakt\/","og_locale":"en_US","og_type":"article","og_title":"Kontakt - www.vs-tradeinvest.de","og_description":"VS Trade & Invest GmbH - Am Heiligenh\u00e4uschen 1a - 37077 G\u00f6ttingen","og_url":"https:\/\/www.vs-tradeinvest.de\/kontakt\/","og_site_name":"www.vs-tradeinvest.de","article_modified_time":"2018-07-03T20:02:14+00:00","twitter_card":"summary_large_image","twitter_misc":{"Est. reading time":"2 minutes"},"schema":{"@context":"https:\/\/schema.org","@graph":[{"@type":"WebPage","@id":"https:\/\/www.vs-tradeinvest.de\/kontakt\/","url":"https:\/\/www.vs-tradeinvest.de\/kontakt\/","name":"Kontakt - www.vs-tradeinvest.de","isPartOf":{"@id":"https:\/\/www.vs-tradeinvest.de\/#website"},"datePublished":"2016-01-18T20:11:41+00:00","dateModified":"2018-07-03T20:02:14+00:00","description":"VS Trade & Invest GmbH - Am Heiligenh\u00e4uschen 1a - 37077 G\u00f6ttingen","breadcrumb":{"@id":"https:\/\/www.vs-tradeinvest.de\/kontakt\/#breadcrumb"},"inLanguage":"en-US","potentialAction":[{"@type":"ReadAction","target":["https:\/\/www.vs-tradeinvest.de\/kontakt\/"]}]},{"@type":"BreadcrumbList","@id":"https:\/\/www.vs-tradeinvest.de\/kontakt\/#breadcrumb","itemListElement":[{"@type":"ListItem","position":1,"name":"Home","item":"https:\/\/www.vs-tradeinvest.de\/"},{"@type":"ListItem","position":2,"name":"Kontakt"}]},{"@type":"WebSite","@id":"https:\/\/www.vs-tradeinvest.de\/#website","url":"https:\/\/www.vs-tradeinvest.de\/","name":"www.vs-tradeinvest.de","description":"Eine weitere WordPress-Seite","publisher":{"@id":"https:\/\/www.vs-tradeinvest.de\/#organization"},"potentialAction":[{"@type":"SearchAction","target":{"@type":"EntryPoint","urlTemplate":"https:\/\/www.vs-tradeinvest.de\/?s={search_term_string}"},"query-input":"required name=search_term_string"}],"inLanguage":"en-US"},{"@type":"Organization","@id":"https:\/\/www.vs-tradeinvest.de\/#organization","name":"VS Trade & Invest GmbH","url":"https:\/\/www.vs-tradeinvest.de\/","logo":{"@type":"ImageObject","inLanguage":"en-US","@id":"https:\/\/www.vs-tradeinvest.de\/#\/schema\/logo\/image\/","url":"https:\/\/www.vs-tradeinvest.de\/wp-content\/uploads\/2016\/01\/logo.png","contentUrl":"https:\/\/www.vs-tradeinvest.de\/wp-content\/uploads\/2016\/01\/logo.png","width":758,"height":226,"caption":"VS Trade & Invest GmbH"},"image":{"@id":"https:\/\/www.vs-tradeinvest.de\/#\/schema\/logo\/image\/"}}]}},"_links":{"self":[{"href":"https:\/\/www.vs-tradeinvest.de\/en\/wp-json\/wp\/v2\/pages\/227"}],"collection":[{"href":"https:\/\/www.vs-tradeinvest.de\/en\/wp-json\/wp\/v2\/pages"}],"about":[{"href":"https:\/\/www.vs-tradeinvest.de\/en\/wp-json\/wp\/v2\/types\/page"}],"author":[{"embeddable":true,"href":"https:\/\/www.vs-tradeinvest.de\/en\/wp-json\/wp\/v2\/users\/3"}],"replies":[{"embeddable":true,"href":"https:\/\/www.vs-tradeinvest.de\/en\/wp-json\/wp\/v2\/comments?post=227"}],"version-history":[{"count":16,"href":"https:\/\/www.vs-tradeinvest.de\/en\/wp-json\/wp\/v2\/pages\/227\/revisions"}],"predecessor-version":[{"id":316,"href":"https:\/\/www.vs-tradeinvest.de\/en\/wp-json\/wp\/v2\/pages\/227\/revisions\/316"}],"wp:attachment":[{"href":"https:\/\/www.vs-tradeinvest.de\/en\/wp-json\/wp\/v2\/media?parent=227"}],"curies":[{"name":"wp","href":"https:\/\/api.w.org\/{rel}","templated":true}]}}