{"id":223,"date":"2016-01-18T21:11:06","date_gmt":"2016-01-18T20:11:06","guid":{"rendered":"https:\/\/www.vs-tradeinvest.de\/?page_id=223"},"modified":"2016-01-25T20:29:31","modified_gmt":"2016-01-25T19:29:31","slug":"sitemap","status":"publish","type":"page","link":"https:\/\/www.vs-tradeinvest.de\/en\/sitemap\/","title":{"rendered":"Sitemap"},"content":{"rendered":"<p>[et_pb_section admin_label=&#8221;section&#8221;][et_pb_row admin_label=&#8221;row&#8221;][et_pb_column type=&#8221;4_4&#8243;][et_pb_text admin_label=&#8221;Text&#8221; background_layout=&#8221;light&#8221; text_orientation=&#8221;left&#8221; text_font_size=&#8221;14&#8243; use_border_color=&#8221;off&#8221; border_color=&#8221;#ffffff&#8221; border_style=&#8221;solid&#8221;]<\/p>\n<h1>Sitemap<\/h1>\n\n<!-- Page-list plugin v.5.9 wordpress.org\/plugins\/page-list\/ -->\n<ul class=\"page-list \">\n<li class=\"page_item page-item-225\"><a href=\"https:\/\/www.vs-tradeinvest.de\/en\/datenschutz\/\">Datenschutz<\/a><\/li>\n<li class=\"page_item page-item-38\"><a href=\"https:\/\/www.vs-tradeinvest.de\/en\/\">HOME<\/a><\/li>\n<li class=\"page_item page-item-221\"><a href=\"https:\/\/www.vs-tradeinvest.de\/en\/impressum\/\">Impressum<\/a><\/li>\n<li class=\"page_item page-item-227\"><a href=\"https:\/\/www.vs-tradeinvest.de\/en\/kontakt\/\">Kontakt<\/a><\/li>\n<li class=\"page_item page-item-223\"><a href=\"https:\/\/www.vs-tradeinvest.de\/en\/sitemap\/\">Sitemap<\/a><\/li>\n\n<\/ul>\n<p>[\/et_pb_text][\/et_pb_column][\/et_pb_row][\/et_pb_section]<\/p>\n","protected":false},"excerpt":{"rendered":"<p>[et_pb_section admin_label=&#8221;section&#8221;][et_pb_row admin_label=&#8221;row&#8221;][et_pb_column type=&#8221;4_4&#8243;][et_pb_text admin_label=&#8221;Text&#8221; background_layout=&#8221;light&#8221; text_orientation=&#8221;left&#8221; text_font_size=&#8221;14&#8243; use_border_color=&#8221;off&#8221; border_color=&#8221;#ffffff&#8221; border_style=&#8221;solid&#8221;] Sitemap [\/et_pb_text][\/et_pb_column][\/et_pb_row][\/et_pb_section]<\/p>\n","protected":false},"author":3,"featured_media":0,"parent":0,"menu_order":0,"comment_status":"closed","ping_status":"closed","template":"","meta":[],"yoast_head":"<!-- This site is optimized with the Yoast SEO plugin v20.4 - https:\/\/yoast.com\/wordpress\/plugins\/seo\/ -->\n<title>Sitemap - www.vs-tradeinvest.de<\/title>\n<meta name=\"description\" content=\"\u00a0Gerne bekommen Sie von uns eine umfassende und kostenlose Beratung! Wenn Sie sich von unseren bisherigen Leistungen \u00fcberzeugen m\u00f6chten, erhalten Sie von uns selbstverst\u00e4ndlich eine Liste mit aktuellen Referenzen.\" \/>\n<meta name=\"robots\" content=\"index, follow, max-snippet:-1, max-image-preview:large, max-video-preview:-1\" \/>\n<link rel=\"canonical\" href=\"https:\/\/www.vs-tradeinvest.de\/en\/sitemap\/\" \/>\n<meta property=\"og:locale\" content=\"en_US\" \/>\n<meta property=\"og:type\" content=\"article\" \/>\n<meta property=\"og:title\" content=\"Sitemap - www.vs-tradeinvest.de\" \/>\n<meta property=\"og:description\" content=\"\u00a0Gerne bekommen Sie von uns eine umfassende und kostenlose Beratung! Wenn Sie sich von unseren bisherigen Leistungen \u00fcberzeugen m\u00f6chten, erhalten Sie von uns selbstverst\u00e4ndlich eine Liste mit aktuellen Referenzen.\" \/>\n<meta property=\"og:url\" content=\"https:\/\/www.vs-tradeinvest.de\/en\/sitemap\/\" \/>\n<meta property=\"og:site_name\" content=\"www.vs-tradeinvest.de\" \/>\n<meta property=\"article:modified_time\" content=\"2016-01-25T19:29:31+00:00\" \/>\n<meta name=\"twitter:card\" content=\"summary_large_image\" \/>\n<script type=\"application\/ld+json\" class=\"yoast-schema-graph\">{\"@context\":\"https:\/\/schema.org\",\"@graph\":[{\"@type\":\"WebPage\",\"@id\":\"https:\/\/www.vs-tradeinvest.de\/en\/sitemap\/\",\"url\":\"https:\/\/www.vs-tradeinvest.de\/en\/sitemap\/\",\"name\":\"Sitemap - www.vs-tradeinvest.de\",\"isPartOf\":{\"@id\":\"https:\/\/www.vs-tradeinvest.de\/#website\"},\"datePublished\":\"2016-01-18T20:11:06+00:00\",\"dateModified\":\"2016-01-25T19:29:31+00:00\",\"description\":\"\u00a0Gerne bekommen Sie von uns eine umfassende und kostenlose Beratung! Wenn Sie sich von unseren bisherigen Leistungen \u00fcberzeugen m\u00f6chten, erhalten Sie von uns selbstverst\u00e4ndlich eine Liste mit aktuellen Referenzen.\",\"breadcrumb\":{\"@id\":\"https:\/\/www.vs-tradeinvest.de\/en\/sitemap\/#breadcrumb\"},\"inLanguage\":\"en-US\",\"potentialAction\":[{\"@type\":\"ReadAction\",\"target\":[\"https:\/\/www.vs-tradeinvest.de\/en\/sitemap\/\"]}]},{\"@type\":\"BreadcrumbList\",\"@id\":\"https:\/\/www.vs-tradeinvest.de\/en\/sitemap\/#breadcrumb\",\"itemListElement\":[{\"@type\":\"ListItem\",\"position\":1,\"name\":\"Home\",\"item\":\"https:\/\/www.vs-tradeinvest.de\/\"},{\"@type\":\"ListItem\",\"position\":2,\"name\":\"Sitemap\"}]},{\"@type\":\"WebSite\",\"@id\":\"https:\/\/www.vs-tradeinvest.de\/#website\",\"url\":\"https:\/\/www.vs-tradeinvest.de\/\",\"name\":\"www.vs-tradeinvest.de\",\"description\":\"Eine weitere WordPress-Seite\",\"publisher\":{\"@id\":\"https:\/\/www.vs-tradeinvest.de\/#organization\"},\"potentialAction\":[{\"@type\":\"SearchAction\",\"target\":{\"@type\":\"EntryPoint\",\"urlTemplate\":\"https:\/\/www.vs-tradeinvest.de\/?s={search_term_string}\"},\"query-input\":\"required name=search_term_string\"}],\"inLanguage\":\"en-US\"},{\"@type\":\"Organization\",\"@id\":\"https:\/\/www.vs-tradeinvest.de\/#organization\",\"name\":\"VS Trade & Invest GmbH\",\"url\":\"https:\/\/www.vs-tradeinvest.de\/\",\"logo\":{\"@type\":\"ImageObject\",\"inLanguage\":\"en-US\",\"@id\":\"https:\/\/www.vs-tradeinvest.de\/#\/schema\/logo\/image\/\",\"url\":\"https:\/\/www.vs-tradeinvest.de\/wp-content\/uploads\/2016\/01\/logo.png\",\"contentUrl\":\"https:\/\/www.vs-tradeinvest.de\/wp-content\/uploads\/2016\/01\/logo.png\",\"width\":758,\"height\":226,\"caption\":\"VS Trade & Invest GmbH\"},\"image\":{\"@id\":\"https:\/\/www.vs-tradeinvest.de\/#\/schema\/logo\/image\/\"}}]}<\/script>\n<!-- \/ Yoast SEO plugin. -->","yoast_head_json":{"title":"Sitemap - www.vs-tradeinvest.de","description":"\u00a0Gerne bekommen Sie von uns eine umfassende und kostenlose Beratung! Wenn Sie sich von unseren bisherigen Leistungen \u00fcberzeugen m\u00f6chten, erhalten Sie von uns selbstverst\u00e4ndlich eine Liste mit aktuellen Referenzen.","robots":{"index":"index","follow":"follow","max-snippet":"max-snippet:-1","max-image-preview":"max-image-preview:large","max-video-preview":"max-video-preview:-1"},"canonical":"https:\/\/www.vs-tradeinvest.de\/en\/sitemap\/","og_locale":"en_US","og_type":"article","og_title":"Sitemap - www.vs-tradeinvest.de","og_description":"\u00a0Gerne bekommen Sie von uns eine umfassende und kostenlose Beratung! Wenn Sie sich von unseren bisherigen Leistungen \u00fcberzeugen m\u00f6chten, erhalten Sie von uns selbstverst\u00e4ndlich eine Liste mit aktuellen Referenzen.","og_url":"https:\/\/www.vs-tradeinvest.de\/en\/sitemap\/","og_site_name":"www.vs-tradeinvest.de","article_modified_time":"2016-01-25T19:29:31+00:00","twitter_card":"summary_large_image","schema":{"@context":"https:\/\/schema.org","@graph":[{"@type":"WebPage","@id":"https:\/\/www.vs-tradeinvest.de\/en\/sitemap\/","url":"https:\/\/www.vs-tradeinvest.de\/en\/sitemap\/","name":"Sitemap - www.vs-tradeinvest.de","isPartOf":{"@id":"https:\/\/www.vs-tradeinvest.de\/#website"},"datePublished":"2016-01-18T20:11:06+00:00","dateModified":"2016-01-25T19:29:31+00:00","description":"\u00a0Gerne bekommen Sie von uns eine umfassende und kostenlose Beratung! Wenn Sie sich von unseren bisherigen Leistungen \u00fcberzeugen m\u00f6chten, erhalten Sie von uns selbstverst\u00e4ndlich eine Liste mit aktuellen Referenzen.","breadcrumb":{"@id":"https:\/\/www.vs-tradeinvest.de\/en\/sitemap\/#breadcrumb"},"inLanguage":"en-US","potentialAction":[{"@type":"ReadAction","target":["https:\/\/www.vs-tradeinvest.de\/en\/sitemap\/"]}]},{"@type":"BreadcrumbList","@id":"https:\/\/www.vs-tradeinvest.de\/en\/sitemap\/#breadcrumb","itemListElement":[{"@type":"ListItem","position":1,"name":"Home","item":"https:\/\/www.vs-tradeinvest.de\/"},{"@type":"ListItem","position":2,"name":"Sitemap"}]},{"@type":"WebSite","@id":"https:\/\/www.vs-tradeinvest.de\/#website","url":"https:\/\/www.vs-tradeinvest.de\/","name":"www.vs-tradeinvest.de","description":"Eine weitere WordPress-Seite","publisher":{"@id":"https:\/\/www.vs-tradeinvest.de\/#organization"},"potentialAction":[{"@type":"SearchAction","target":{"@type":"EntryPoint","urlTemplate":"https:\/\/www.vs-tradeinvest.de\/?s={search_term_string}"},"query-input":"required name=search_term_string"}],"inLanguage":"en-US"},{"@type":"Organization","@id":"https:\/\/www.vs-tradeinvest.de\/#organization","name":"VS Trade & Invest GmbH","url":"https:\/\/www.vs-tradeinvest.de\/","logo":{"@type":"ImageObject","inLanguage":"en-US","@id":"https:\/\/www.vs-tradeinvest.de\/#\/schema\/logo\/image\/","url":"https:\/\/www.vs-tradeinvest.de\/wp-content\/uploads\/2016\/01\/logo.png","contentUrl":"https:\/\/www.vs-tradeinvest.de\/wp-content\/uploads\/2016\/01\/logo.png","width":758,"height":226,"caption":"VS Trade & Invest GmbH"},"image":{"@id":"https:\/\/www.vs-tradeinvest.de\/#\/schema\/logo\/image\/"}}]}},"_links":{"self":[{"href":"https:\/\/www.vs-tradeinvest.de\/en\/wp-json\/wp\/v2\/pages\/223"}],"collection":[{"href":"https:\/\/www.vs-tradeinvest.de\/en\/wp-json\/wp\/v2\/pages"}],"about":[{"href":"https:\/\/www.vs-tradeinvest.de\/en\/wp-json\/wp\/v2\/types\/page"}],"author":[{"embeddable":true,"href":"https:\/\/www.vs-tradeinvest.de\/en\/wp-json\/wp\/v2\/users\/3"}],"replies":[{"embeddable":true,"href":"https:\/\/www.vs-tradeinvest.de\/en\/wp-json\/wp\/v2\/comments?post=223"}],"version-history":[{"count":5,"href":"https:\/\/www.vs-tradeinvest.de\/en\/wp-json\/wp\/v2\/pages\/223\/revisions"}],"predecessor-version":[{"id":284,"href":"https:\/\/www.vs-tradeinvest.de\/en\/wp-json\/wp\/v2\/pages\/223\/revisions\/284"}],"wp:attachment":[{"href":"https:\/\/www.vs-tradeinvest.de\/en\/wp-json\/wp\/v2\/media?parent=223"}],"curies":[{"name":"wp","href":"https:\/\/api.w.org\/{rel}","templated":true}]}}