{"id":221,"date":"2016-01-18T21:10:50","date_gmt":"2016-01-18T20:10:50","guid":{"rendered":"https:\/\/www.vs-tradeinvest.de\/?page_id=221"},"modified":"2016-01-25T20:31:19","modified_gmt":"2016-01-25T19:31:19","slug":"impressum","status":"publish","type":"page","link":"https:\/\/www.vs-tradeinvest.de\/en\/impressum\/","title":{"rendered":"Impressum"},"content":{"rendered":"<p>[et_pb_section admin_label=&#8221;section&#8221;][et_pb_row admin_label=&#8221;row&#8221;][et_pb_column type=&#8221;4_4&#8243;][et_pb_text admin_label=&#8221;Text&#8221; background_layout=&#8221;light&#8221; text_orientation=&#8221;left&#8221; text_font_size=&#8221;14&#8243; use_border_color=&#8221;off&#8221; border_color=&#8221;#ffffff&#8221; border_style=&#8221;solid&#8221;]<\/p>\n<div class=\"entry-content\">\n<div class=\" et_pb_row et_pb_row_0\">\n<div class=\"et_pb_column et_pb_column_4_4 et_pb_column_0\">\n<div class=\"et_pb_text et_pb_module et_pb_bg_layout_light et_pb_text_align_left et_pb_text_0\">\n<h1 class=\"main_title\">Imprint<\/h1>\n<div class=\"entry-content\">\n<h2>Information according to \u00a7 5 TMG:<\/h2>\n<p>VS Trade &amp; Invest GmbH<br \/>\nAm Heiligenh\u00e4uschen 1a<br \/>\n37077 G\u00f6ttingen<\/p>\n<h2>Represented by:<\/h2>\n<p>Velemir Stojanovic<\/p>\n<h2>Contact:<\/h2>\n<p>Phone:&nbsp;&nbsp; &nbsp;+49 (551) 50429322<br \/>\nFax: &nbsp; &nbsp;&nbsp; &nbsp; +49 (551) 50429386<br \/>\nE-Mail:&nbsp;&nbsp;&nbsp; info@vs-tradeinvest.de<\/p>\n<h2>Register:<\/h2>\n<p>Registration in the commercial register.<br \/>\nRegister court: Stendal<br \/>\nCompany registration number: HRB 201653<\/p>\n<h2>VAT ID:<\/h2>\n<p>Sales tax identification number according to \u00a7 27 a VAT Act:<br \/>\nDE 2800 514 59<\/p>\n<p><strong>Design and programming:<\/strong><br \/>\n<a title=\"Webdesign\" href=\"http:\/\/www.neosmedien.de\" target=\"_blank\">neos webdesign<\/a><br \/>\nDisclaimer<br \/>\n<strong>Liability for content<\/strong><\/p>\n<p>According to \u00a7 7 paragraph 1 of TMG, as a service provider we are responsible for our own contents on these pages under general law. According to \u00a7\u00a7 8 to 10 TMG, we as a service provider are not obligated to monitor transmitted or stored information or to investigate circumstances that indicate illegal activity. Obligations to remove or block access to information under the general laws remain unaffected. However, a relevant liability is only possible from the date of knowledge of a specific infringement. Upon notification of such violations, we will remove the content immediately.<\/p>\n<p><strong>Liability for links<\/strong><\/p>\n<p>Our site contains links to external websites over which we have no control. Therefore we cannot accept any responsibility for their content. The respective provider or operator is always responsible for the contents of any linked site. The linked sites were checked at the time of linking for possible violations of law. Illegal contents were not visible at the time of linking. A permanent control of the linked pages is unreasonable without concrete evidence of a violation. Upon notification of violations, we will remove such links immediately.<\/p>\n<p><strong>Copyright<\/strong><\/p>\n<p>The content and works provided on these pages created by the site operators are subject to German copyright law. The reproduction, modification, distribution or any kind of exploitation outside the limits of copyright require the written consent of its respective author or creator. Downloads and copies of these pages are not allowed. As far as the content is not created by the website operator, the copyrights of third parties are respected. Particularly contents of third parties shall be identified as such. Should you however become aware of copyright infringement, we ask for a notification. Upon notification of violations, we will remove these contents immediately.<\/p>\n<\/div>\n<\/div>\n<\/div>\n<\/div>\n<\/div>\n<p>[\/et_pb_text][\/et_pb_column][\/et_pb_row][\/et_pb_section]<\/p>","protected":false},"excerpt":{"rendered":"<p>[et_pb_section admin_label=&#8221;section&#8221;][et_pb_row admin_label=&#8221;row&#8221;][et_pb_column type=&#8221;4_4&#8243;][et_pb_text admin_label=&#8221;Text&#8221; background_layout=&#8221;light&#8221; text_orientation=&#8221;left&#8221; text_font_size=&#8221;14&#8243; use_border_color=&#8221;off&#8221; border_color=&#8221;#ffffff&#8221; border_style=&#8221;solid&#8221;] Imprint Information according to \u00a7 5 TMG: VS Trade &amp; Invest GmbH Am Heiligenh\u00e4uschen 1a 37077 G\u00f6ttingen Represented by: Velemir Stojanovic Contact: Phone:&nbsp;&nbsp; &nbsp;+49 (551) 50429322 Fax: &nbsp; &nbsp;&nbsp; &nbsp; +49 (551) 50429386 E-Mail:&nbsp;&nbsp;&nbsp; info@vs-tradeinvest.de Register: Registration in the commercial register. Register court: Stendal [&hellip;]<\/p>\n","protected":false},"author":3,"featured_media":0,"parent":0,"menu_order":0,"comment_status":"closed","ping_status":"closed","template":"","meta":[],"yoast_head":"<!-- This site is optimized with the Yoast SEO plugin v20.4 - https:\/\/yoast.com\/wordpress\/plugins\/seo\/ -->\n<title>Impressum - www.vs-tradeinvest.de<\/title>\n<meta name=\"description\" content=\"Wir unterst\u00fctzen Firmen aller Gr\u00f6\u00dfen und Erfahrungsstufen mit individuellen Wachstumsstrategien f\u00fcr effiziente und dauerhafte Wertsch\u00f6pfung.\" \/>\n<meta name=\"robots\" content=\"index, follow, max-snippet:-1, max-image-preview:large, max-video-preview:-1\" \/>\n<link rel=\"canonical\" href=\"https:\/\/www.vs-tradeinvest.de\/impressum\/\" \/>\n<meta property=\"og:locale\" content=\"en_US\" \/>\n<meta property=\"og:type\" content=\"article\" \/>\n<meta property=\"og:title\" content=\"Impressum - www.vs-tradeinvest.de\" \/>\n<meta property=\"og:description\" content=\"Wir unterst\u00fctzen Firmen aller Gr\u00f6\u00dfen und Erfahrungsstufen mit individuellen Wachstumsstrategien f\u00fcr effiziente und dauerhafte Wertsch\u00f6pfung.\" \/>\n<meta property=\"og:url\" content=\"https:\/\/www.vs-tradeinvest.de\/impressum\/\" \/>\n<meta property=\"og:site_name\" content=\"www.vs-tradeinvest.de\" \/>\n<meta property=\"article:modified_time\" content=\"2016-01-25T19:31:19+00:00\" \/>\n<meta name=\"twitter:card\" content=\"summary_large_image\" \/>\n<meta name=\"twitter:label1\" content=\"Est. reading time\" \/>\n\t<meta name=\"twitter:data1\" content=\"4 minutes\" \/>\n<script type=\"application\/ld+json\" class=\"yoast-schema-graph\">{\"@context\":\"https:\/\/schema.org\",\"@graph\":[{\"@type\":\"WebPage\",\"@id\":\"https:\/\/www.vs-tradeinvest.de\/impressum\/\",\"url\":\"https:\/\/www.vs-tradeinvest.de\/impressum\/\",\"name\":\"Impressum - www.vs-tradeinvest.de\",\"isPartOf\":{\"@id\":\"https:\/\/www.vs-tradeinvest.de\/#website\"},\"datePublished\":\"2016-01-18T20:10:50+00:00\",\"dateModified\":\"2016-01-25T19:31:19+00:00\",\"description\":\"Wir unterst\u00fctzen Firmen aller Gr\u00f6\u00dfen und Erfahrungsstufen mit individuellen Wachstumsstrategien f\u00fcr effiziente und dauerhafte Wertsch\u00f6pfung.\",\"breadcrumb\":{\"@id\":\"https:\/\/www.vs-tradeinvest.de\/impressum\/#breadcrumb\"},\"inLanguage\":\"en-US\",\"potentialAction\":[{\"@type\":\"ReadAction\",\"target\":[\"https:\/\/www.vs-tradeinvest.de\/impressum\/\"]}]},{\"@type\":\"BreadcrumbList\",\"@id\":\"https:\/\/www.vs-tradeinvest.de\/impressum\/#breadcrumb\",\"itemListElement\":[{\"@type\":\"ListItem\",\"position\":1,\"name\":\"Home\",\"item\":\"https:\/\/www.vs-tradeinvest.de\/\"},{\"@type\":\"ListItem\",\"position\":2,\"name\":\"Impressum\"}]},{\"@type\":\"WebSite\",\"@id\":\"https:\/\/www.vs-tradeinvest.de\/#website\",\"url\":\"https:\/\/www.vs-tradeinvest.de\/\",\"name\":\"www.vs-tradeinvest.de\",\"description\":\"Eine weitere WordPress-Seite\",\"publisher\":{\"@id\":\"https:\/\/www.vs-tradeinvest.de\/#organization\"},\"potentialAction\":[{\"@type\":\"SearchAction\",\"target\":{\"@type\":\"EntryPoint\",\"urlTemplate\":\"https:\/\/www.vs-tradeinvest.de\/?s={search_term_string}\"},\"query-input\":\"required name=search_term_string\"}],\"inLanguage\":\"en-US\"},{\"@type\":\"Organization\",\"@id\":\"https:\/\/www.vs-tradeinvest.de\/#organization\",\"name\":\"VS Trade & Invest GmbH\",\"url\":\"https:\/\/www.vs-tradeinvest.de\/\",\"logo\":{\"@type\":\"ImageObject\",\"inLanguage\":\"en-US\",\"@id\":\"https:\/\/www.vs-tradeinvest.de\/#\/schema\/logo\/image\/\",\"url\":\"https:\/\/www.vs-tradeinvest.de\/wp-content\/uploads\/2016\/01\/logo.png\",\"contentUrl\":\"https:\/\/www.vs-tradeinvest.de\/wp-content\/uploads\/2016\/01\/logo.png\",\"width\":758,\"height\":226,\"caption\":\"VS Trade & Invest GmbH\"},\"image\":{\"@id\":\"https:\/\/www.vs-tradeinvest.de\/#\/schema\/logo\/image\/\"}}]}<\/script>\n<!-- \/ Yoast SEO plugin. -->","yoast_head_json":{"title":"Impressum - www.vs-tradeinvest.de","description":"Wir unterst\u00fctzen Firmen aller Gr\u00f6\u00dfen und Erfahrungsstufen mit individuellen Wachstumsstrategien f\u00fcr effiziente und dauerhafte Wertsch\u00f6pfung.","robots":{"index":"index","follow":"follow","max-snippet":"max-snippet:-1","max-image-preview":"max-image-preview:large","max-video-preview":"max-video-preview:-1"},"canonical":"https:\/\/www.vs-tradeinvest.de\/impressum\/","og_locale":"en_US","og_type":"article","og_title":"Impressum - www.vs-tradeinvest.de","og_description":"Wir unterst\u00fctzen Firmen aller Gr\u00f6\u00dfen und Erfahrungsstufen mit individuellen Wachstumsstrategien f\u00fcr effiziente und dauerhafte Wertsch\u00f6pfung.","og_url":"https:\/\/www.vs-tradeinvest.de\/impressum\/","og_site_name":"www.vs-tradeinvest.de","article_modified_time":"2016-01-25T19:31:19+00:00","twitter_card":"summary_large_image","twitter_misc":{"Est. reading time":"4 minutes"},"schema":{"@context":"https:\/\/schema.org","@graph":[{"@type":"WebPage","@id":"https:\/\/www.vs-tradeinvest.de\/impressum\/","url":"https:\/\/www.vs-tradeinvest.de\/impressum\/","name":"Impressum - www.vs-tradeinvest.de","isPartOf":{"@id":"https:\/\/www.vs-tradeinvest.de\/#website"},"datePublished":"2016-01-18T20:10:50+00:00","dateModified":"2016-01-25T19:31:19+00:00","description":"Wir unterst\u00fctzen Firmen aller Gr\u00f6\u00dfen und Erfahrungsstufen mit individuellen Wachstumsstrategien f\u00fcr effiziente und dauerhafte Wertsch\u00f6pfung.","breadcrumb":{"@id":"https:\/\/www.vs-tradeinvest.de\/impressum\/#breadcrumb"},"inLanguage":"en-US","potentialAction":[{"@type":"ReadAction","target":["https:\/\/www.vs-tradeinvest.de\/impressum\/"]}]},{"@type":"BreadcrumbList","@id":"https:\/\/www.vs-tradeinvest.de\/impressum\/#breadcrumb","itemListElement":[{"@type":"ListItem","position":1,"name":"Home","item":"https:\/\/www.vs-tradeinvest.de\/"},{"@type":"ListItem","position":2,"name":"Impressum"}]},{"@type":"WebSite","@id":"https:\/\/www.vs-tradeinvest.de\/#website","url":"https:\/\/www.vs-tradeinvest.de\/","name":"www.vs-tradeinvest.de","description":"Eine weitere WordPress-Seite","publisher":{"@id":"https:\/\/www.vs-tradeinvest.de\/#organization"},"potentialAction":[{"@type":"SearchAction","target":{"@type":"EntryPoint","urlTemplate":"https:\/\/www.vs-tradeinvest.de\/?s={search_term_string}"},"query-input":"required name=search_term_string"}],"inLanguage":"en-US"},{"@type":"Organization","@id":"https:\/\/www.vs-tradeinvest.de\/#organization","name":"VS Trade & Invest GmbH","url":"https:\/\/www.vs-tradeinvest.de\/","logo":{"@type":"ImageObject","inLanguage":"en-US","@id":"https:\/\/www.vs-tradeinvest.de\/#\/schema\/logo\/image\/","url":"https:\/\/www.vs-tradeinvest.de\/wp-content\/uploads\/2016\/01\/logo.png","contentUrl":"https:\/\/www.vs-tradeinvest.de\/wp-content\/uploads\/2016\/01\/logo.png","width":758,"height":226,"caption":"VS Trade & Invest GmbH"},"image":{"@id":"https:\/\/www.vs-tradeinvest.de\/#\/schema\/logo\/image\/"}}]}},"_links":{"self":[{"href":"https:\/\/www.vs-tradeinvest.de\/en\/wp-json\/wp\/v2\/pages\/221"}],"collection":[{"href":"https:\/\/www.vs-tradeinvest.de\/en\/wp-json\/wp\/v2\/pages"}],"about":[{"href":"https:\/\/www.vs-tradeinvest.de\/en\/wp-json\/wp\/v2\/types\/page"}],"author":[{"embeddable":true,"href":"https:\/\/www.vs-tradeinvest.de\/en\/wp-json\/wp\/v2\/users\/3"}],"replies":[{"embeddable":true,"href":"https:\/\/www.vs-tradeinvest.de\/en\/wp-json\/wp\/v2\/comments?post=221"}],"version-history":[{"count":7,"href":"https:\/\/www.vs-tradeinvest.de\/en\/wp-json\/wp\/v2\/pages\/221\/revisions"}],"predecessor-version":[{"id":285,"href":"https:\/\/www.vs-tradeinvest.de\/en\/wp-json\/wp\/v2\/pages\/221\/revisions\/285"}],"wp:attachment":[{"href":"https:\/\/www.vs-tradeinvest.de\/en\/wp-json\/wp\/v2\/media?parent=221"}],"curies":[{"name":"wp","href":"https:\/\/api.w.org\/{rel}","templated":true}]}}